{"id":394,"date":"2021-05-03T12:00:28","date_gmt":"2021-05-03T10:00:28","guid":{"rendered":"http:\/\/sif.magazin.jacorprojekt.de\/?page_id=394"},"modified":"2024-05-22T13:51:19","modified_gmt":"2024-05-22T11:51:19","slug":"impressum","status":"publish","type":"page","link":"https:\/\/horoskop-singles.de\/magazin\/impressum\/","title":{"rendered":"Impressum"},"content":{"rendered":"<div class=\"wpb-content-wrapper\"><p>[vc_row][vc_column width=&#8220;1\/1&#8243;][vc_column_text]<\/p>\n<h1 class=\"apart\">Impressum<\/h1>\n<p><strong>horoskop-singles.de ist Partner im ICONY-Netzwerk. Das ICONY-Netzwerk ist eine Produktion der <a href=\"https:\/\/www.icony.com\/\" target=\"_blank\" rel=\"noopener\">ICONY GmbH<\/a>\u00a0und wird von dieser betrieben.<\/strong><\/p>\n<p>ICONY GmbH<br \/>\nHeinestra\u00dfe 72<br \/>\nD-72762 Reutlingen<br \/>\nE-Mail: <a href=\"mailto:impressum@icony.de\">impressum@icony.de<\/a> (<a href=\"https:\/\/single.infranken.de\/kontakt\/\" target=\"_blank\" rel=\"noopener\">Supportanfragen<\/a>\u00a0werden nicht bearbeitet)<br \/>\n<a href=\"https:\/\/single.infranken.de\/kontakt\/\" target=\"_blank\" rel=\"noopener\">Zum Kontaktformular<\/a><\/p>\n<p>Gesch\u00e4ftsf\u00fchrung: Uwe Thomas<br \/>\nAmtsgericht Stuttgart HRB 757806<br \/>\nUStIdNr. DE307590617<\/p>\n<p>Bei Fragen oder Problemen:\u00a0<a href=\"https:\/\/single.infranken.de\/hilfe\/\" target=\"_blank\" rel=\"noopener\">zur Hilfe<\/a><br \/>\nFax: +49 7121 348 111<\/p>\n<p>Wir erkl\u00e4ren uns freiwillig bereit, zur Beilegung von Meinungsverschiedenheiten \/ Streitigkeiten mit Verbrauchern an einem Streitbeilegungsverfahren vor einer Verbraucherschlichtungsstelle teilzunehmen, soweit dieses Verfahren vor der Verbraucherschlichtungsstelle<\/p>\n<p>Allgemeine Verbraucherschlichtungsstelle des Zentrums f\u00fcr Schlichtung e.V.<br \/>\nStra\u00dfburger Stra\u00dfe 8,<br \/>\n77694 Kehl am Rhein<br \/>\n<a href=\"http:\/\/www.verbraucher-schlichter.de\" target=\"_blank\" rel=\"noopener\">www.verbraucher-schlichter.de<\/a><\/p>\n<p>durchgef\u00fchrt wird. Auch die Plattform der Europ\u00e4ischen Kommission unter\u00a0<a href=\"http:\/\/ec.europa.eu\/consumers\/odr\/\" target=\"_blank\" rel=\"noopener\">http:\/\/ec.europa.eu\/consumers\/odr\/<\/a>\u00a0zur au\u00dfergerichtlichen Online Streitbeilegung (sog. OS-Plattform) kann weiterhin genutzt werden.<\/p>\n<p><strong>ICONY-Netzwerk<\/strong><\/p>\n<p>\u00dcber 200 Partner partizipieren und profitieren bereits mit ihrer Marke, Plattform oder Domain am innovativen ICONY-Netzwerk.\u00a0<a href=\"https:\/\/www.icony.com\/netzwerk\/\" target=\"_blank\" rel=\"noopener\">Liste alle Partner<\/a>[\/vc_column_text][\/vc_column][\/vc_row]<\/p>\n<\/div>","protected":false},"excerpt":{"rendered":"<p>[vc_row][vc_column width=&#8220;1\/1&#8243;][vc_column_text] Impressum horoskop-singles.de ist Partner im ICONY-Netzwerk. Das ICONY-Netzwerk ist eine Produktion der ICONY GmbH\u00a0und wird von dieser betrieben. ICONY GmbH Heinestra\u00dfe 72 D-72762 Reutlingen E-Mail: impressum@icony.de (Supportanfragen\u00a0werden nicht bearbeitet) Zum Kontaktformular Gesch\u00e4ftsf\u00fchrung: Uwe Thomas Amtsgericht Stuttgart HRB 757806 UStIdNr. DE307590617 Bei Fragen oder Problemen:\u00a0zur Hilfe Fax: +49 7121 348 111 Wir erkl\u00e4ren uns freiwillig bereit, zur Beilegung von Meinungsverschiedenheiten \/ Streitigkeiten mit Verbrauchern an einem Streitbeilegungsverfahren vor einer Verbraucherschlichtungsstelle teilzunehmen, soweit dieses Verfahren vor der Verbraucherschlichtungsstelle Allgemeine Verbraucherschlichtungsstelle des Zentrums f\u00fcr Schlichtung e.V. Stra\u00dfburger Stra\u00dfe 8, 77694 Kehl am Rhein www.verbraucher-schlichter.de durchgef\u00fchrt wird. Auch die Plattform der Europ\u00e4ischen Kommission unter\u00a0http:\/\/ec.europa.eu\/consumers\/odr\/\u00a0zur au\u00dfergerichtlichen Online Streitbeilegung (sog. OS-Plattform) kann weiterhin genutzt werden. ICONY-Netzwerk \u00dcber 200 Partner partizipieren und profitieren bereits mit ihrer Marke, Plattform oder Domain am innovativen ICONY-Netzwerk.\u00a0Liste alle Partner[\/vc_column_text][\/vc_column][\/vc_row]<\/p>\n","protected":false},"author":1,"featured_media":0,"parent":0,"menu_order":0,"comment_status":"closed","ping_status":"closed","template":"","meta":{"footnotes":""},"class_list":["post-394","page","type-page","status-publish","hentry"],"_links":{"self":[{"href":"https:\/\/horoskop-singles.de\/magazin\/wp-json\/wp\/v2\/pages\/394","targetHints":{"allow":["GET"]}}],"collection":[{"href":"https:\/\/horoskop-singles.de\/magazin\/wp-json\/wp\/v2\/pages"}],"about":[{"href":"https:\/\/horoskop-singles.de\/magazin\/wp-json\/wp\/v2\/types\/page"}],"author":[{"embeddable":true,"href":"https:\/\/horoskop-singles.de\/magazin\/wp-json\/wp\/v2\/users\/1"}],"replies":[{"embeddable":true,"href":"https:\/\/horoskop-singles.de\/magazin\/wp-json\/wp\/v2\/comments?post=394"}],"version-history":[{"count":7,"href":"https:\/\/horoskop-singles.de\/magazin\/wp-json\/wp\/v2\/pages\/394\/revisions"}],"predecessor-version":[{"id":1541,"href":"https:\/\/horoskop-singles.de\/magazin\/wp-json\/wp\/v2\/pages\/394\/revisions\/1541"}],"wp:attachment":[{"href":"https:\/\/horoskop-singles.de\/magazin\/wp-json\/wp\/v2\/media?parent=394"}],"curies":[{"name":"wp","href":"https:\/\/api.w.org\/{rel}","templated":true}]}}