{"id":10,"date":"2020-07-10T09:57:04","date_gmt":"2020-07-10T07:57:04","guid":{"rendered":"http:\/\/magazin.jacorprojekt.de\/?page_id=10"},"modified":"2026-01-15T13:34:31","modified_gmt":"2026-01-15T12:34:31","slug":"startseite","status":"publish","type":"page","link":"https:\/\/horoskop-singles.de\/magazin\/","title":{"rendered":"Startseite"},"content":{"rendered":"<div class=\"wpb-content-wrapper\"><p>[vc_row][vc_column el_class=&#8220;custombloglist&#8220; width=&#8220;2\/3&#8243;][vc_raw_html css=&#8220;&#8220; el_class=&#8220;displaymobile blocktop&#8220;]JTNDaDIlM0VIb3Jvc2tvcC1TaW5nbGVzJTNDJTJGaDIlM0UlMEElM0NhJTIwY2xhc3MlM0QlMjJidG4lMjBidG4tcHJpbWFyeSUyMGJ0bi1ibG9jayUyMGJ0bi1hYjYwJTIyJTIwaHJlZiUzRCUyMmh0dHBzJTNBJTJGJTJGaG9yb3Nrb3Atc2luZ2xlcy5kZSUyRiUzRkFJRCUzRGhvcm9za29wc2luZ2xlcyUyMiUyMHRhcmdldCUzRCUyMl9ibGFuayUyMiUzRUpldHp0JTIwU2luZ2xlcyUyMGZpbmRlbiUzQyUyRmElM0U=[\/vc_raw_html]<div class=\"latest-blog vertical clearfix\"><div class=\"latest-blog-list  clearfix wpb_content_element\">\n\t\t\t\t\t\t\t<div class=\"blog-list-item-thumb\"><a href=\"https:\/\/horoskop-singles.de\/magazin\/liebe\/liebeshoroskop-2026-diese-4-sternzeichen\/\" title=\"Liebeshoroskop 2026: Diese 4 Sternzeichen erleben ihr gro\u00dfes Liebesjahr\"><img decoding=\"async\" src=\"https:\/\/horoskop-singles.de\/magazin\/wp-content\/uploads\/2026\/02\/Steckbrief-neue-01.07.2024-66.png\" alt=\"Liebeshoroskop 2026: Diese 4 Sternzeichen erleben ihr gro\u00dfes Liebesjahr\" \/><\/a><\/div>\n\t\t\t\t\t\t  \t<div class=\"blog-list-item-description\">\n\t\t\t\t\t\t\t\t<h3><a href=\"https:\/\/horoskop-singles.de\/magazin\/liebe\/liebeshoroskop-2026-diese-4-sternzeichen\/\" title=\"Liebeshoroskop 2026: Diese 4 Sternzeichen erleben ihr gro\u00dfes Liebesjahr\">Liebeshoroskop 2026: Diese 4 Sternzeichen erleben ihr gro\u00dfes Liebesjahr<\/a><\/h3>\n\t\t\t\t\t\t\t  \t<div class=\"blog-list-item-excerpt\">Die Sterne verraten mehr \u00fcber unsere Herzen, als wir denken. Wenn es um die wahre Liebe geht, spielen die Sternzeichen eine wichtige Rolle. In diesem.. <a href=\"https:\/\/horoskop-singles.de\/magazin\/liebe\/liebeshoroskop-2026-diese-4-sternzeichen\/\">Weiterlesen<\/a><\/div>\n\t\t\t\t\t\t\t<\/div>\n\t\t\t\t\t  \t<\/div><div class=\"latest-blog-list  clearfix wpb_content_element\">\n\t\t\t\t\t\t\t<div class=\"blog-list-item-thumb\"><a href=\"https:\/\/horoskop-singles.de\/magazin\/liebe\/zaertlichkeit\/\" title=\"Z\u00e4rtlichkeit: Welche 4 Sternzeichen sind am z\u00e4rtlichsten?\"><img decoding=\"async\" src=\"https:\/\/horoskop-singles.de\/magazin\/wp-content\/uploads\/2025\/03\/pexels-cottonbro-9374145-1.jpg\" alt=\"Z\u00e4rtlichkeit: Welche 4 Sternzeichen sind am z\u00e4rtlichsten?\" \/><\/a><\/div>\n\t\t\t\t\t\t  \t<div class=\"blog-list-item-description\">\n\t\t\t\t\t\t\t\t<h3><a href=\"https:\/\/horoskop-singles.de\/magazin\/liebe\/zaertlichkeit\/\" title=\"Z\u00e4rtlichkeit: Welche 4 Sternzeichen sind am z\u00e4rtlichsten?\">Z\u00e4rtlichkeit: Welche 4 Sternzeichen sind am z\u00e4rtlichsten?<\/a><\/h3>\n\t\t\t\t\t\t\t  \t<div class=\"blog-list-item-excerpt\">Fragst Du dich, wie dein Sternzeichen deine Z\u00e4rtlichkeit beeinflusst? Z\u00e4rtlichkeit spielt eine entscheidende Rolle in unseren Beziehungen und bereichern das Liebesleben stark. In diesem Artikel.. <a href=\"https:\/\/horoskop-singles.de\/magazin\/liebe\/zaertlichkeit\/\">Weiterlesen<\/a><\/div>\n\t\t\t\t\t\t\t<\/div>\n\t\t\t\t\t  \t<\/div><div class=\"latest-blog-list  clearfix wpb_content_element\">\n\t\t\t\t\t\t\t<div class=\"blog-list-item-thumb\"><a href=\"https:\/\/horoskop-singles.de\/magazin\/liebe\/flirten\/\" title=\"Welches m\u00e4nnliche Sternzeichen flirtet am besten? Entdecke die Top 3\"><img decoding=\"async\" src=\"https:\/\/horoskop-singles.de\/magazin\/wp-content\/uploads\/2025\/02\/Adobe-Express-file-6-2.jpg\" alt=\"Welches m\u00e4nnliche Sternzeichen flirtet am besten? Entdecke die Top 3\" \/><\/a><\/div>\n\t\t\t\t\t\t  \t<div class=\"blog-list-item-description\">\n\t\t\t\t\t\t\t\t<h3><a href=\"https:\/\/horoskop-singles.de\/magazin\/liebe\/flirten\/\" title=\"Welches m\u00e4nnliche Sternzeichen flirtet am besten? Entdecke die Top 3\">Welches m\u00e4nnliche Sternzeichen flirtet am besten? Entdecke die Top 3<\/a><\/h3>\n\t\t\t\t\t\t\t  \t<div class=\"blog-list-item-excerpt\">Fragst du dich, welches Sternzeichen die besten Flirtk\u00fcnste hat? Die Sterne helfen dir nicht nur bei der Partnersuche, sondern auch beim Flirten. In diesem Artikel.. <a href=\"https:\/\/horoskop-singles.de\/magazin\/liebe\/flirten\/\">Weiterlesen<\/a><\/div>\n\t\t\t\t\t\t\t<\/div>\n\t\t\t\t\t  \t<\/div><div class=\"latest-blog-list  clearfix wpb_content_element\">\n\t\t\t\t\t\t\t<div class=\"blog-list-item-thumb\"><a href=\"https:\/\/horoskop-singles.de\/magazin\/liebe\/verlieben-sternzeichen\/\" title=\"Verlieben zum Jahresbeginn: Diese Sternzeichen sind bereit f\u00fcr die Liebe\"><img decoding=\"async\" src=\"https:\/\/horoskop-singles.de\/magazin\/wp-content\/uploads\/2025\/01\/file-24.jpg\" alt=\"Verlieben zum Jahresbeginn: Diese Sternzeichen sind bereit f\u00fcr die Liebe\" \/><\/a><\/div>\n\t\t\t\t\t\t  \t<div class=\"blog-list-item-description\">\n\t\t\t\t\t\t\t\t<h3><a href=\"https:\/\/horoskop-singles.de\/magazin\/liebe\/verlieben-sternzeichen\/\" title=\"Verlieben zum Jahresbeginn: Diese Sternzeichen sind bereit f\u00fcr die Liebe\">Verlieben zum Jahresbeginn: Diese Sternzeichen sind bereit f\u00fcr die Liebe<\/a><\/h3>\n\t\t\t\t\t\t\t  \t<div class=\"blog-list-item-excerpt\">Der Jahresbeginn ist wie ein leeres Blatt, auf dem du deine Liebesgeschichte neu schreiben kannst. Die frische Energie dieser Zeit l\u00e4dt dazu ein, sich auf.. <a href=\"https:\/\/horoskop-singles.de\/magazin\/liebe\/verlieben-sternzeichen\/\">Weiterlesen<\/a><\/div>\n\t\t\t\t\t\t\t<\/div>\n\t\t\t\t\t  \t<\/div><div class=\"latest-blog-list  clearfix wpb_content_element\">\n\t\t\t\t\t\t\t<div class=\"blog-list-item-thumb\"><a href=\"https:\/\/horoskop-singles.de\/magazin\/liebe\/wahre-liebe-sternzeichen\/\" title=\"Wahre Liebe: Welche Sternzeichen w\u00fcnschen sich diese?\"><img decoding=\"async\" src=\"https:\/\/horoskop-singles.de\/magazin\/wp-content\/uploads\/2024\/12\/single.infranken_unsplash_priscilla-du-preez-WbpoVhvNP_M-unsplash.jpg\" alt=\"Wahre Liebe: Welche Sternzeichen w\u00fcnschen sich diese?\" \/><\/a><\/div>\n\t\t\t\t\t\t  \t<div class=\"blog-list-item-description\">\n\t\t\t\t\t\t\t\t<h3><a href=\"https:\/\/horoskop-singles.de\/magazin\/liebe\/wahre-liebe-sternzeichen\/\" title=\"Wahre Liebe: Welche Sternzeichen w\u00fcnschen sich diese?\">Wahre Liebe: Welche Sternzeichen w\u00fcnschen sich diese?<\/a><\/h3>\n\t\t\t\t\t\t\t  \t<div class=\"blog-list-item-excerpt\">Die Sterne verraten mehr \u00fcber unsere Herzen, als wir denken. Wenn es um die wahre Liebe geht, spielen die Sternzeichen eine wichtige Rolle. In diesem.. <a href=\"https:\/\/horoskop-singles.de\/magazin\/liebe\/wahre-liebe-sternzeichen\/\">Weiterlesen<\/a><\/div>\n\t\t\t\t\t\t\t<\/div>\n\t\t\t\t\t  \t<\/div><div class=\"latest-blog-list  clearfix wpb_content_element\">\n\t\t\t\t\t\t\t<div class=\"blog-list-item-thumb\"><a href=\"https:\/\/horoskop-singles.de\/magazin\/beziehung\/monogame-beziehung\/\" title=\"Monogame Beziehung: Welchen Sternzeichen reicht ein Partner?\"><img decoding=\"async\" src=\"https:\/\/horoskop-singles.de\/magazin\/wp-content\/uploads\/2024\/12\/singles-sachsen_pexels-photo-6272270.jpeg\" alt=\"Monogame Beziehung: Welchen Sternzeichen reicht ein Partner?\" \/><\/a><\/div>\n\t\t\t\t\t\t  \t<div class=\"blog-list-item-description\">\n\t\t\t\t\t\t\t\t<h3><a href=\"https:\/\/horoskop-singles.de\/magazin\/beziehung\/monogame-beziehung\/\" title=\"Monogame Beziehung: Welchen Sternzeichen reicht ein Partner?\">Monogame Beziehung: Welchen Sternzeichen reicht ein Partner?<\/a><\/h3>\n\t\t\t\t\t\t\t  \t<div class=\"blog-list-item-excerpt\">Monogame Beziehung \u2013 ein Begriff, der f\u00fcr viele von uns sowohl Sicherheit als auch Herausforderungen bedeutet. Doch welche Sternzeichen sind pr\u00e4destiniert f\u00fcr eine treue Partnerschaft,.. <a href=\"https:\/\/horoskop-singles.de\/magazin\/beziehung\/monogame-beziehung\/\">Weiterlesen<\/a><\/div>\n\t\t\t\t\t\t\t<\/div>\n\t\t\t\t\t  \t<\/div><\/div>[\/vc_column][vc_column width=&#8220;1\/3&#8243;][vc_widget_sidebar sidebar_id=&#8220;blog-widgets&#8220;][\/vc_column][\/vc_row]<\/p>\n<\/div>","protected":false},"excerpt":{"rendered":"<p>[vc_row][vc_column el_class=&#8220;custombloglist&#8220; width=&#8220;2\/3&#8243;][vc_raw_html css=&#8220;&#8220; el_class=&#8220;displaymobile blocktop&#8220;]JTNDaDIlM0VIb3Jvc2tvcC1TaW5nbGVzJTNDJTJGaDIlM0UlMEElM0NhJTIwY2xhc3MlM0QlMjJidG4lMjBidG4tcHJpbWFyeSUyMGJ0bi1ibG9jayUyMGJ0bi1hYjYwJTIyJTIwaHJlZiUzRCUyMmh0dHBzJTNBJTJGJTJGaG9yb3Nrb3Atc2luZ2xlcy5kZSUyRiUzRkFJRCUzRGhvcm9za29wc2luZ2xlcyUyMiUyMHRhcmdldCUzRCUyMl9ibGFuayUyMiUzRUpldHp0JTIwU2luZ2xlcyUyMGZpbmRlbiUzQyUyRmElM0U=[\/vc_raw_html][\/vc_column][vc_column width=&#8220;1\/3&#8243;][vc_widget_sidebar sidebar_id=&#8220;blog-widgets&#8220;][\/vc_column][\/vc_row]<\/p>\n","protected":false},"author":1,"featured_media":0,"parent":0,"menu_order":0,"comment_status":"closed","ping_status":"closed","template":"","meta":{"footnotes":""},"class_list":["post-10","page","type-page","status-publish","hentry"],"_links":{"self":[{"href":"https:\/\/horoskop-singles.de\/magazin\/wp-json\/wp\/v2\/pages\/10","targetHints":{"allow":["GET"]}}],"collection":[{"href":"https:\/\/horoskop-singles.de\/magazin\/wp-json\/wp\/v2\/pages"}],"about":[{"href":"https:\/\/horoskop-singles.de\/magazin\/wp-json\/wp\/v2\/types\/page"}],"author":[{"embeddable":true,"href":"https:\/\/horoskop-singles.de\/magazin\/wp-json\/wp\/v2\/users\/1"}],"replies":[{"embeddable":true,"href":"https:\/\/horoskop-singles.de\/magazin\/wp-json\/wp\/v2\/comments?post=10"}],"version-history":[{"count":12,"href":"https:\/\/horoskop-singles.de\/magazin\/wp-json\/wp\/v2\/pages\/10\/revisions"}],"predecessor-version":[{"id":1781,"href":"https:\/\/horoskop-singles.de\/magazin\/wp-json\/wp\/v2\/pages\/10\/revisions\/1781"}],"wp:attachment":[{"href":"https:\/\/horoskop-singles.de\/magazin\/wp-json\/wp\/v2\/media?parent=10"}],"curies":[{"name":"wp","href":"https:\/\/api.w.org\/{rel}","templated":true}]}}